{"id":3,"date":"2025-05-06T17:53:43","date_gmt":"2025-05-06T14:53:43","guid":{"rendered":"https:\/\/wordpress.brandev.fi\/sites\/oykatiab\/?page_id=3"},"modified":"2025-06-18T13:40:04","modified_gmt":"2025-06-18T10:40:04","slug":"privacy-policy","status":"publish","type":"page","link":"https:\/\/www.oykatiab.com\/en\/tietosuojaseloste\/","title":{"rendered":"Privacy Policy"},"content":{"rendered":"<section class=\"wp-block-group is-layout-constrained wp-container-core-group-is-layout-34d24fc4 wp-block-group-is-layout-constrained has-background\" style=\"margin-top:0px;margin-bottom:0px;padding-top:1em;padding-right:8%;padding-bottom:1em;padding-left:8%;background-image:url(&apos;https:\/\/www.oykatiab.com\/wp-content\/uploads\/2025\/06\/background-elemnt.png&apos;);background-position:100% 0%;background-repeat:no-repeat;background-size:contain;\">\n<div class=\"wp-block-columns is-layout-flex wp-container-core-columns-is-layout-8aacfc01 wp-block-columns-is-layout-flex\" style=\"margin-top:0px;margin-bottom:0px;padding-top:0px;padding-right:0px;padding-bottom:0px;padding-left:0px\">\n<div class=\"wp-block-column is-layout-flow wp-block-column-is-layout-flow\" style=\"padding-top:11em;padding-right:0%;padding-bottom:2em;padding-left:0%;flex-basis:60%\">\n<h5 class=\"wp-block-heading has-text-align-left\" id=\"0-yhteystiedot\" style=\"margin-top:0px;margin-right:0px;margin-bottom:0px;margin-left:0px;padding-top:0px;padding-right:0px;padding-bottom:0px;padding-left:0px\">Privacy Policy<\/h5>\n<\/div>\n\n\n\n<div class=\"wp-block-column is-vertically-aligned-top is-layout-flow wp-block-column-is-layout-flow\" style=\"padding-top:0px;padding-bottom:0px;flex-basis:40%\"><\/div>\n<\/div>\n\n\n\n<div class=\"wp-block-columns is-layout-flex wp-container-core-columns-is-layout-b25fc3b6 wp-block-columns-is-layout-flex\" style=\"margin-top:0px;margin-bottom:0px;padding-top:0px;padding-right:0px;padding-bottom:0px;padding-left:0px\">\n<div class=\"wp-block-column is-layout-flow wp-block-column-is-layout-flow\" style=\"padding-top:0px;padding-right:0px;padding-bottom:7vh;padding-left:0px;flex-basis:60%\">\n<p class=\"has-text-align-left\" style=\"margin-top:0px;margin-right:0px;margin-bottom:0px;margin-left:0px;padding-top:0px;padding-right:0px;padding-bottom:1em;padding-left:0px;font-size:clamp(30.693px, 1.918rem + ((1vw - 3.2px) * 1.821), 54px);font-style:normal;font-weight:500;line-height:1.1\">Register and Privacy Policy<\/p>\n\n\n\n<p class=\"has-text-align-left\" style=\"margin-top:0px;margin-right:0px;margin-bottom:0px;margin-left:0px;padding-top:0px;padding-right:0px;padding-bottom:1em;padding-left:0px\">This privacy policy of Oy Kati Ab is based on the Finnish Data Protection Act (1050\/2018) and the EU General Data Protection Regulation (2016\/679). Prepared on 28 August 2023.<\/p>\n<\/div>\n\n\n\n<div class=\"wp-block-column is-vertically-aligned-top is-layout-flow wp-block-column-is-layout-flow\" style=\"padding-top:0px;padding-bottom:0px;font-style:normal;font-weight:500;flex-basis:40%\"><\/div>\n<\/div>\n<\/section>\n\n\n\n<section class=\"wp-block-group has-palette-color-4-background-color has-background is-layout-constrained wp-container-core-group-is-layout-f54c662a wp-block-group-is-layout-constrained\" style=\"margin-top:0px;margin-bottom:0px;padding-top:0px;padding-right:0px;padding-bottom:0px;padding-left:0px\">\n<div class=\"wp-block-columns is-layout-flex wp-container-core-columns-is-layout-80602832 wp-block-columns-is-layout-flex\" style=\"margin-top:0vw;margin-bottom:0px;padding-top:4em;padding-right:0%;padding-bottom:4em;padding-left:0%\">\n<div class=\"wp-block-column is-vertically-aligned-top is-layout-constrained wp-container-core-column-is-layout-2d5426f4 wp-block-column-is-layout-constrained\" style=\"padding-top:0em;padding-right:8%;padding-bottom:0em;padding-left:8%;flex-basis:100%\">\n<div class=\"wp-block-columns reverse-in-mobile is-layout-flex wp-container-core-columns-is-layout-ec657636 wp-block-columns-is-layout-flex\">\n<div class=\"wp-block-column is-vertically-aligned-top is-layout-flow wp-block-column-is-layout-flow\" style=\"padding-top:0px;padding-right:0px;padding-bottom:0px;padding-left:0px;flex-basis:35%\">\n<figure class=\"wp-block-image size-full is-resized has-custom-border\"><img loading=\"lazy\" decoding=\"async\" width=\"1000\" height=\"1565\" src=\"https:\/\/www.oykatiab.com\/wp-content\/uploads\/2025\/06\/KATI-drilling-services-working-man.jpg\" alt=\"\" class=\"wp-image-1381\" style=\"border-radius:9px;box-shadow:var(--wp--preset--shadow--natural);width:400px\" srcset=\"https:\/\/www.oykatiab.com\/wp-content\/uploads\/2025\/06\/KATI-drilling-services-working-man.jpg 1000w, https:\/\/www.oykatiab.com\/wp-content\/uploads\/2025\/06\/KATI-drilling-services-working-man-192x300.jpg 192w, https:\/\/www.oykatiab.com\/wp-content\/uploads\/2025\/06\/KATI-drilling-services-working-man-654x1024.jpg 654w, https:\/\/www.oykatiab.com\/wp-content\/uploads\/2025\/06\/KATI-drilling-services-working-man-768x1202.jpg 768w, https:\/\/www.oykatiab.com\/wp-content\/uploads\/2025\/06\/KATI-drilling-services-working-man-981x1536.jpg 981w, https:\/\/www.oykatiab.com\/wp-content\/uploads\/2025\/06\/KATI-drilling-services-working-man-8x12.jpg 8w, https:\/\/www.oykatiab.com\/wp-content\/uploads\/2025\/06\/KATI-drilling-services-working-man-500x783.jpg 500w, https:\/\/www.oykatiab.com\/wp-content\/uploads\/2025\/06\/KATI-drilling-services-working-man-800x1252.jpg 800w\" sizes=\"auto, (max-width: 1000px) 100vw, 1000px\" \/><\/figure>\n<\/div>\n\n\n\n<div class=\"wp-block-column is-layout-flow wp-container-core-column-is-layout-aa2147ba wp-block-column-is-layout-flow\" style=\"padding-bottom:0em;flex-basis:65%\">\n<h4 class=\"wp-block-heading\"><strong>1. Data Controller<\/strong><\/h4>\n\n\n\n<p>Oy Kati Ab Kalajoki<br>Sievintie 286, 85160 Rautio<br>Y-tunnus 2934648-6<br>tietosuoja@oykatiab.com<\/p>\n\n\n\n<h4 class=\"wp-block-heading\"><strong>2. Name of the Register<\/strong><\/h4>\n\n\n\n<p>Job Applicant Register<\/p>\n\n\n\n<h4 class=\"wp-block-heading\" style=\"line-height:1.1\"><strong>3. Legal Basis and Purpose of Personal Data Processing<\/strong><\/h4>\n\n\n\n<p>Oy Kati Ab collects personal data from job applicants for the purpose of contacting them regarding employment relationships.<\/p>\n\n\n\n<h4 class=\"wp-block-heading\"><strong>4. Data Content of the Register<\/strong>\u00f6<\/h4>\n\n\n\n<p>The information collected about job applicants includes: the position applied for, name, phone number, email address, education, driving license class, professional qualifications, previous work experience, language skills, validity periods of any certificates, potential start date, and a free-form description by the applicant. The data is retained for 12 months, after which it is securely destroyed.<\/p>\n\n\n\n<h4 class=\"wp-block-heading\" style=\"line-height:1.1\"><strong>5. Data Collection and Protection<\/strong><\/h4>\n\n\n\n<p>The data stored in the register is obtained from the employee\u00a0<a href=\"https:\/\/www.oykatiab.com\/en\/job-application-form\/\">https:\/\/www.oykatiab.com\/tyonhakijalomake<\/a>\u00a0page. Please do not enter sensitive data on the form.<\/p>\n\n\n\n<p>Data will not be disclosed to parties outside Oy Kati Ab, nor outside the EU or EEA.<\/p>\n\n\n\n<p>The personal data provided by the form users is kept confidential. The use of the register is instructed within the data controller\u2019s organization, and access to the register is restricted so that only those employees who have the right and need to use the data for their duties can access it. Personnel handling personal data are bound by confidentiality.<\/p>\n\n\n\n<h4 class=\"wp-block-heading\" style=\"line-height:1.1\"><strong>6. Right of Access and Right to Request Correction<\/strong><\/h4>\n\n\n\n<p>Every person in the register has the right to inspect their stored data and to request the correction of any incorrect or incomplete data. If a person wishes to inspect their stored data or request correction, the request must be sent in writing to the data controller. The data controller may request proof of identity if necessary. The data controller will respond within the timeframe set by the EU General Data Protection Regulation (usually within one month).<\/p>\n\n\n\n<h4 class=\"wp-block-heading\" style=\"line-height:1.1\"><strong>7. Other Rights Related to Personal Data Processing<\/strong><\/h4>\n\n\n\n<p>A person in the register has the right to request the erasure of their data from the register (\u201cright to be forgotten\u201d). Registered persons also have other rights under the EU General Data Protection Regulation, such as restricting the processing of personal data in certain situations. Requests must be sent in writing to the data controller. The data controller may request proof of identity if necessary. The data controller will respond within the timeframe set by the EU General Data Protection Regulation (usually within one month).<\/p>\n<\/div>\n<\/div>\n<\/div>\n<\/div>\n<\/section>\n\n\n\n<p><\/p>","protected":false},"excerpt":{"rendered":"<p>Tietosuojaseloste Rekisteri- ja tietosuojaseloste T\u00e4m\u00e4 on Oy Kati Ab:n Suomen tietosuojalakiin (1050\/2018) sek\u00e4 EU:n yleiseen tietosuoja-asetukseen (2016\/679) perustuva tietosuojaseloste. Laadittu 28.8.2023. 1. Rekisterinpit\u00e4j\u00e4 Oy Kati Ab KalajokiSievintie 286, 85160 RautioY-tunnus 2934648-6tietosuoja@oykatiab.com 2. Rekisterin nimi Ty\u00f6nhakijarekisteri 3. Oikeusperuste ja henkil\u00f6tietojen k\u00e4sittelyn tarkoitus Oy Kati Ab ker\u00e4\u00e4 ty\u00f6nhakijoiden henkil\u00f6tiedot ty\u00f6suhteeseen liittyv\u00e4\u00e4 kontaktointia varten. 4. Rekisterin tietosis\u00e4lt\u00f6 Ty\u00f6nhakijasta [&hellip;]<\/p>\n","protected":false},"author":1,"featured_media":0,"parent":0,"menu_order":0,"comment_status":"closed","ping_status":"open","template":"","meta":{"_acf_changed":false,"_improvement_type_select":"improve_an_existing","_thumb_yes_seoaic":false,"_frame_yes_seoaic":false,"seoaic_generate_description":"","seoaic_improve_instructions_prompt":"","seoaic_rollback_content_improvement":"","seoaic_idea_thumbnail_generator":"","thumbnail_generated":false,"thumbnail_generate_prompt":"","seoaic_article_description":"","footnotes":""},"class_list":["post-3","page","type-page","status-publish","hentry"],"blocksy_meta":[],"acf":[],"featured_image_src":null,"yoast_head":"<!-- This site is optimized with the Yoast SEO plugin v27.5 - https:\/\/yoast.com\/product\/yoast-seo-wordpress\/ -->\n<title>Tietosuojaseloste - Oy Kati Ab<\/title>\n<meta name=\"description\" content=\"Tutustu, miten KATI k\u00e4sittelee henkil\u00f6tietoja vastuullisesti mineraalinetsinn\u00e4n ja timanttikairauksen palveluissa.\" \/>\n<meta name=\"robots\" content=\"index, follow, max-snippet:-1, max-image-preview:large, max-video-preview:-1\" \/>\n<link rel=\"canonical\" href=\"https:\/\/www.oykatiab.com\/en\/privacy-policy\/\" \/>\n<meta property=\"og:locale\" content=\"en_GB\" \/>\n<meta property=\"og:type\" content=\"article\" \/>\n<meta property=\"og:title\" content=\"Tietosuojaseloste - Oy Kati Ab\" \/>\n<meta property=\"og:description\" content=\"Tutustu, miten KATI k\u00e4sittelee henkil\u00f6tietoja vastuullisesti mineraalinetsinn\u00e4n ja timanttikairauksen palveluissa.\" \/>\n<meta property=\"og:url\" content=\"https:\/\/www.oykatiab.com\/en\/privacy-policy\/\" \/>\n<meta property=\"og:site_name\" content=\"Oy Kati Ab\" \/>\n<meta property=\"article:modified_time\" content=\"2025-06-18T10:40:04+00:00\" \/>\n<meta property=\"og:image\" content=\"https:\/\/www.oykatiab.com\/wp-content\/uploads\/2025\/06\/KATI-drilling-services-working-man.jpg\" \/>\n\t<meta property=\"og:image:width\" content=\"1000\" \/>\n\t<meta property=\"og:image:height\" content=\"1565\" \/>\n\t<meta property=\"og:image:type\" content=\"image\/jpeg\" \/>\n<meta name=\"twitter:card\" content=\"summary_large_image\" \/>\n<meta name=\"twitter:label1\" content=\"Estimated reading time\" \/>\n\t<meta name=\"twitter:data1\" content=\"3 minutes\" \/>\n<script type=\"application\/ld+json\" class=\"yoast-schema-graph\">{\"@context\":\"https:\\\/\\\/schema.org\",\"@graph\":[{\"@type\":\"WebPage\",\"@id\":\"https:\\\/\\\/www.oykatiab.com\\\/tietosuojaseloste\\\/\",\"url\":\"https:\\\/\\\/www.oykatiab.com\\\/tietosuojaseloste\\\/\",\"name\":\"Tietosuojaseloste - Oy Kati Ab\",\"isPartOf\":{\"@id\":\"https:\\\/\\\/www.oykatiab.com\\\/#website\"},\"primaryImageOfPage\":{\"@id\":\"https:\\\/\\\/www.oykatiab.com\\\/tietosuojaseloste\\\/#primaryimage\"},\"image\":{\"@id\":\"https:\\\/\\\/www.oykatiab.com\\\/tietosuojaseloste\\\/#primaryimage\"},\"thumbnailUrl\":\"https:\\\/\\\/www.oykatiab.com\\\/wp-content\\\/uploads\\\/2025\\\/06\\\/KATI-drilling-services-working-man.jpg\",\"datePublished\":\"2025-05-06T14:53:43+00:00\",\"dateModified\":\"2025-06-18T10:40:04+00:00\",\"description\":\"Tutustu, miten KATI k\u00e4sittelee henkil\u00f6tietoja vastuullisesti mineraalinetsinn\u00e4n ja timanttikairauksen palveluissa.\",\"breadcrumb\":{\"@id\":\"https:\\\/\\\/www.oykatiab.com\\\/tietosuojaseloste\\\/#breadcrumb\"},\"inLanguage\":\"en-GB\",\"potentialAction\":[{\"@type\":\"ReadAction\",\"target\":[\"https:\\\/\\\/www.oykatiab.com\\\/tietosuojaseloste\\\/\"]}]},{\"@type\":\"ImageObject\",\"inLanguage\":\"en-GB\",\"@id\":\"https:\\\/\\\/www.oykatiab.com\\\/tietosuojaseloste\\\/#primaryimage\",\"url\":\"https:\\\/\\\/www.oykatiab.com\\\/wp-content\\\/uploads\\\/2025\\\/06\\\/KATI-drilling-services-working-man.jpg\",\"contentUrl\":\"https:\\\/\\\/www.oykatiab.com\\\/wp-content\\\/uploads\\\/2025\\\/06\\\/KATI-drilling-services-working-man.jpg\"},{\"@type\":\"BreadcrumbList\",\"@id\":\"https:\\\/\\\/www.oykatiab.com\\\/tietosuojaseloste\\\/#breadcrumb\",\"itemListElement\":[{\"@type\":\"ListItem\",\"position\":1,\"name\":\"Etusivu\",\"item\":\"https:\\\/\\\/www.oykatiab.com\\\/\"},{\"@type\":\"ListItem\",\"position\":2,\"name\":\"Tietosuojaseloste\"}]},{\"@type\":\"WebSite\",\"@id\":\"https:\\\/\\\/www.oykatiab.com\\\/#website\",\"url\":\"https:\\\/\\\/www.oykatiab.com\\\/\",\"name\":\"Oy Kati Ab\",\"description\":\"Malminetsinn\u00e4n &amp; timanttikairauksen palkittu edell\u00e4k\u00e4vij\u00e4\",\"publisher\":{\"@id\":\"https:\\\/\\\/www.oykatiab.com\\\/#organization\"},\"potentialAction\":[{\"@type\":\"SearchAction\",\"target\":{\"@type\":\"EntryPoint\",\"urlTemplate\":\"https:\\\/\\\/www.oykatiab.com\\\/?s={search_term_string}\"},\"query-input\":{\"@type\":\"PropertyValueSpecification\",\"valueRequired\":true,\"valueName\":\"search_term_string\"}}],\"inLanguage\":\"en-GB\"},{\"@type\":\"Organization\",\"@id\":\"https:\\\/\\\/www.oykatiab.com\\\/#organization\",\"name\":\"Oy Kati Ab\",\"url\":\"https:\\\/\\\/www.oykatiab.com\\\/\",\"logo\":{\"@type\":\"ImageObject\",\"inLanguage\":\"en-GB\",\"@id\":\"https:\\\/\\\/www.oykatiab.com\\\/#\\\/schema\\\/logo\\\/image\\\/\",\"url\":\"https:\\\/\\\/www.oykatiab.com\\\/wp-content\\\/uploads\\\/2025\\\/06\\\/KATI-logo-vaaka-nega.svg\",\"contentUrl\":\"https:\\\/\\\/www.oykatiab.com\\\/wp-content\\\/uploads\\\/2025\\\/06\\\/KATI-logo-vaaka-nega.svg\",\"width\":336,\"height\":45,\"caption\":\"Oy Kati Ab\"},\"image\":{\"@id\":\"https:\\\/\\\/www.oykatiab.com\\\/#\\\/schema\\\/logo\\\/image\\\/\"}}]}<\/script>\n<!-- \/ Yoast SEO plugin. -->","yoast_head_json":{"title":"Privacy Policy \u2013 Oy KATI Ab Kalajoki","description":"Learn how KATI responsibly handles personal data in mineral exploration and diamond core drilling services.","robots":{"index":"index","follow":"follow","max-snippet":"max-snippet:-1","max-image-preview":"max-image-preview:large","max-video-preview":"max-video-preview:-1"},"canonical":"https:\/\/www.oykatiab.com\/en\/privacy-policy\/","og_locale":"en_GB","og_type":"article","og_title":"Tietosuojaseloste - Oy Kati Ab","og_description":"Tutustu, miten KATI k\u00e4sittelee henkil\u00f6tietoja vastuullisesti mineraalinetsinn\u00e4n ja timanttikairauksen palveluissa.","og_url":"https:\/\/www.oykatiab.com\/en\/privacy-policy\/","og_site_name":"Oy Kati Ab","article_modified_time":"2025-06-18T10:40:04+00:00","og_image":[{"width":1000,"height":1565,"url":"https:\/\/www.oykatiab.com\/wp-content\/uploads\/2025\/06\/KATI-drilling-services-working-man.jpg","type":"image\/jpeg"}],"twitter_card":"summary_large_image","twitter_misc":{"Estimated reading time":"3 minutes"},"schema":{"@context":"https:\/\/schema.org","@graph":[{"@type":"WebPage","@id":"https:\/\/www.oykatiab.com\/tietosuojaseloste\/","url":"https:\/\/www.oykatiab.com\/tietosuojaseloste\/","name":"Privacy Policy \u2013 Oy KATI Ab Kalajoki","isPartOf":{"@id":"https:\/\/www.oykatiab.com\/#website"},"primaryImageOfPage":{"@id":"https:\/\/www.oykatiab.com\/tietosuojaseloste\/#primaryimage"},"image":{"@id":"https:\/\/www.oykatiab.com\/tietosuojaseloste\/#primaryimage"},"thumbnailUrl":"https:\/\/www.oykatiab.com\/wp-content\/uploads\/2025\/06\/KATI-drilling-services-working-man.jpg","datePublished":"2025-05-06T14:53:43+00:00","dateModified":"2025-06-18T10:40:04+00:00","description":"Learn how KATI responsibly handles personal data in mineral exploration and diamond core drilling services.","breadcrumb":{"@id":"https:\/\/www.oykatiab.com\/tietosuojaseloste\/#breadcrumb"},"inLanguage":"en-GB","potentialAction":[{"@type":"ReadAction","target":["https:\/\/www.oykatiab.com\/tietosuojaseloste\/"]}]},{"@type":"ImageObject","inLanguage":"en-GB","@id":"https:\/\/www.oykatiab.com\/tietosuojaseloste\/#primaryimage","url":"https:\/\/www.oykatiab.com\/wp-content\/uploads\/2025\/06\/KATI-drilling-services-working-man.jpg","contentUrl":"https:\/\/www.oykatiab.com\/wp-content\/uploads\/2025\/06\/KATI-drilling-services-working-man.jpg"},{"@type":"BreadcrumbList","@id":"https:\/\/www.oykatiab.com\/tietosuojaseloste\/#breadcrumb","itemListElement":[{"@type":"ListItem","position":1,"name":"Etusivu","item":"https:\/\/www.oykatiab.com\/"},{"@type":"ListItem","position":2,"name":"Tietosuojaseloste"}]},{"@type":"WebSite","@id":"https:\/\/www.oykatiab.com\/#website","url":"https:\/\/www.oykatiab.com\/","name":"Oy Kati Ab","description":"Malminetsinn\u00e4n &amp; timanttikairauksen palkittu edell\u00e4k\u00e4vij\u00e4","publisher":{"@id":"https:\/\/www.oykatiab.com\/#organization"},"potentialAction":[{"@type":"SearchAction","target":{"@type":"EntryPoint","urlTemplate":"https:\/\/www.oykatiab.com\/?s={search_term_string}"},"query-input":{"@type":"PropertyValueSpecification","valueRequired":true,"valueName":"search_term_string"}}],"inLanguage":"en-GB"},{"@type":"Organization","@id":"https:\/\/www.oykatiab.com\/#organization","name":"Oy Kati Ab","url":"https:\/\/www.oykatiab.com\/","logo":{"@type":"ImageObject","inLanguage":"en-GB","@id":"https:\/\/www.oykatiab.com\/#\/schema\/logo\/image\/","url":"https:\/\/www.oykatiab.com\/wp-content\/uploads\/2025\/06\/KATI-logo-vaaka-nega.svg","contentUrl":"https:\/\/www.oykatiab.com\/wp-content\/uploads\/2025\/06\/KATI-logo-vaaka-nega.svg","width":336,"height":45,"caption":"Oy Kati Ab"},"image":{"@id":"https:\/\/www.oykatiab.com\/#\/schema\/logo\/image\/"}}]}},"_links":{"self":[{"href":"https:\/\/www.oykatiab.com\/en\/wp-json\/wp\/v2\/pages\/3","targetHints":{"allow":["GET"]}}],"collection":[{"href":"https:\/\/www.oykatiab.com\/en\/wp-json\/wp\/v2\/pages"}],"about":[{"href":"https:\/\/www.oykatiab.com\/en\/wp-json\/wp\/v2\/types\/page"}],"author":[{"embeddable":true,"href":"https:\/\/www.oykatiab.com\/en\/wp-json\/wp\/v2\/users\/1"}],"replies":[{"embeddable":true,"href":"https:\/\/www.oykatiab.com\/en\/wp-json\/wp\/v2\/comments?post=3"}],"version-history":[{"count":2,"href":"https:\/\/www.oykatiab.com\/en\/wp-json\/wp\/v2\/pages\/3\/revisions"}],"predecessor-version":[{"id":1713,"href":"https:\/\/www.oykatiab.com\/en\/wp-json\/wp\/v2\/pages\/3\/revisions\/1713"}],"wp:attachment":[{"href":"https:\/\/www.oykatiab.com\/en\/wp-json\/wp\/v2\/media?parent=3"}],"curies":[{"name":"wp","href":"https:\/\/api.w.org\/{rel}","templated":true}]}}