{"id":1747,"date":"2025-06-16T12:49:07","date_gmt":"2025-06-16T09:49:07","guid":{"rendered":"https:\/\/wordpress.brandev.fi\/sites\/oykatiab\/?page_id=1747"},"modified":"2025-06-18T10:19:45","modified_gmt":"2025-06-18T07:19:45","slug":"cookies","status":"publish","type":"page","link":"https:\/\/www.oykatiab.com\/en\/evasteseloste\/","title":{"rendered":"Cookie Policy"},"content":{"rendered":"<section class=\"wp-block-group is-layout-constrained wp-container-core-group-is-layout-34d24fc4 wp-block-group-is-layout-constrained has-background\" style=\"margin-top:0px;margin-bottom:0px;padding-top:1em;padding-right:8%;padding-bottom:1em;padding-left:8%;background-image:url(&apos;https:\/\/www.oykatiab.com\/wp-content\/uploads\/2025\/06\/background-elemnt.png&apos;);background-position:100% 0%;background-repeat:no-repeat;background-size:contain;\">\n<div class=\"wp-block-columns is-layout-flex wp-container-core-columns-is-layout-8aacfc01 wp-block-columns-is-layout-flex\" style=\"margin-top:0px;margin-bottom:0px;padding-top:0px;padding-right:0px;padding-bottom:0px;padding-left:0px\">\n<div class=\"wp-block-column is-layout-flow wp-block-column-is-layout-flow\" style=\"padding-top:11em;padding-right:0%;padding-bottom:2em;padding-left:0%;flex-basis:60%\">\n<h5 class=\"wp-block-heading has-text-align-left\" id=\"0-yhteystiedot\" style=\"margin-top:0px;margin-right:0px;margin-bottom:0px;margin-left:0px;padding-top:0px;padding-right:0px;padding-bottom:0px;padding-left:0px\">Cookie Policy<\/h5>\n<\/div>\n\n\n\n<div class=\"wp-block-column is-vertically-aligned-top is-layout-flow wp-block-column-is-layout-flow\" style=\"padding-top:0px;padding-bottom:0px;flex-basis:40%\"><\/div>\n<\/div>\n\n\n\n<div class=\"wp-block-columns is-layout-flex wp-container-core-columns-is-layout-b25fc3b6 wp-block-columns-is-layout-flex\" style=\"margin-top:0px;margin-bottom:0px;padding-top:0px;padding-right:0px;padding-bottom:0px;padding-left:0px\">\n<div class=\"wp-block-column is-layout-flow wp-block-column-is-layout-flow\" style=\"padding-top:0px;padding-right:0px;padding-bottom:7vh;padding-left:0px;flex-basis:60%\">\n<p class=\"has-text-align-left\" style=\"margin-top:0px;margin-right:0px;margin-bottom:0px;margin-left:0px;padding-top:0px;padding-right:0px;padding-bottom:1em;padding-left:0px;font-size:clamp(30.693px, 1.918rem + ((1vw - 3.2px) * 1.821), 54px);font-style:normal;font-weight:500;line-height:1.1\">This Website Uses Cookies<\/p>\n\n\n\n<p class=\"has-text-align-left\" style=\"margin-top:0px;margin-right:0px;margin-bottom:0px;margin-left:0px;padding-top:0px;padding-right:0px;padding-bottom:1em;padding-left:0px\">We use cookies to personalize content and ads, support social media features, and analyze our traffic. We also share information about your use of our site with our social media, advertising, and analytics partners. Our partners may combine this information with other data you have provided to them or that they have collected from your use of their services.<\/p>\n<\/div>\n\n\n\n<div class=\"wp-block-column is-vertically-aligned-top is-layout-flow wp-block-column-is-layout-flow\" style=\"padding-top:0px;padding-bottom:0px;font-style:normal;font-weight:500;flex-basis:40%\"><\/div>\n<\/div>\n<\/section>\n\n\n\n<section class=\"wp-block-group has-palette-color-4-background-color has-background is-layout-constrained wp-container-core-group-is-layout-f54c662a wp-block-group-is-layout-constrained\" style=\"margin-top:0px;margin-bottom:0px;padding-top:0px;padding-right:0px;padding-bottom:0px;padding-left:0px\">\n<div class=\"wp-block-columns is-layout-flex wp-container-core-columns-is-layout-80602832 wp-block-columns-is-layout-flex\" style=\"margin-top:0vw;margin-bottom:0px;padding-top:4em;padding-right:0%;padding-bottom:4em;padding-left:0%\">\n<div class=\"wp-block-column is-vertically-aligned-top is-layout-constrained wp-container-core-column-is-layout-2d5426f4 wp-block-column-is-layout-constrained\" style=\"padding-top:0em;padding-right:8%;padding-bottom:0em;padding-left:8%;flex-basis:100%\">\n<div class=\"wp-block-columns reverse-in-mobile is-layout-flex wp-container-core-columns-is-layout-ec657636 wp-block-columns-is-layout-flex\">\n<div class=\"wp-block-column is-vertically-aligned-top is-layout-flow wp-block-column-is-layout-flow\" style=\"padding-top:0px;padding-right:0px;padding-bottom:0px;padding-left:0px;flex-basis:35%\">\n<figure class=\"wp-block-image size-full is-resized has-custom-border\"><img loading=\"lazy\" decoding=\"async\" width=\"1000\" height=\"1565\" src=\"https:\/\/www.oykatiab.com\/wp-content\/uploads\/2025\/06\/KATI-drilling-services-working-man.jpg\" alt=\"\" class=\"wp-image-1381\" style=\"border-radius:9px;box-shadow:var(--wp--preset--shadow--natural);width:400px\" srcset=\"https:\/\/www.oykatiab.com\/wp-content\/uploads\/2025\/06\/KATI-drilling-services-working-man.jpg 1000w, https:\/\/www.oykatiab.com\/wp-content\/uploads\/2025\/06\/KATI-drilling-services-working-man-192x300.jpg 192w, https:\/\/www.oykatiab.com\/wp-content\/uploads\/2025\/06\/KATI-drilling-services-working-man-654x1024.jpg 654w, https:\/\/www.oykatiab.com\/wp-content\/uploads\/2025\/06\/KATI-drilling-services-working-man-768x1202.jpg 768w, https:\/\/www.oykatiab.com\/wp-content\/uploads\/2025\/06\/KATI-drilling-services-working-man-981x1536.jpg 981w, https:\/\/www.oykatiab.com\/wp-content\/uploads\/2025\/06\/KATI-drilling-services-working-man-8x12.jpg 8w, https:\/\/www.oykatiab.com\/wp-content\/uploads\/2025\/06\/KATI-drilling-services-working-man-500x783.jpg 500w, https:\/\/www.oykatiab.com\/wp-content\/uploads\/2025\/06\/KATI-drilling-services-working-man-800x1252.jpg 800w\" sizes=\"auto, (max-width: 1000px) 100vw, 1000px\" \/><\/figure>\n<\/div>\n\n\n\n<div class=\"wp-block-column is-layout-flow wp-container-core-column-is-layout-aa2147ba wp-block-column-is-layout-flow\" style=\"padding-bottom:0em;flex-basis:65%\">\n<p>Cookies are small text files that websites can use to make your user experience more efficient.<br><br>By law, we may store cookies on your device if they are strictly necessary for the operation of this site. For all other types of cookies, we require your consent.<br><br>This site uses different types of cookies. Some cookies are set by third-party services that appear on our pages.<br><br>You can change or withdraw your consent at any time via the cookie notice on our website.<br><br>Read our <a href=\"https:\/\/www.oykatiab.com\/en\/privacy-policy\/\">Privacy Policy<\/a> for more information about who we are, how you can contact us, and how we process your personal data.<br><br>Please include your consent ID and date when you contact us regarding your consent.<\/p>\n\n\n\n<p>Your consent applies to the following domains: www.oykatiab.com<\/p>\n<\/div>\n<\/div>\n<\/div>\n<\/div>\n<\/section>\n\n\n\n<p><\/p>","protected":false},"excerpt":{"rendered":"<p>Ev\u00e4steseloste T\u00e4m\u00e4 sivusto k\u00e4ytt\u00e4\u00e4 ev\u00e4steit\u00e4 K\u00e4yt\u00e4mme ev\u00e4steit\u00e4 tarjoamamme sis\u00e4ll\u00f6n ja mainosten r\u00e4\u00e4t\u00e4l\u00f6imiseen, sosiaalisen median ominaisuuksien tukemiseen ja k\u00e4vij\u00e4m\u00e4\u00e4r\u00e4mme analysoimiseen. Lis\u00e4ksi jaamme sosiaalisen median, mainosalan ja analytiikka-alan kumppaneillemme tietoja siit\u00e4, miten k\u00e4yt\u00e4t sivustoamme. Kumppanimme voivat yhdist\u00e4\u00e4 n\u00e4it\u00e4 tietoja muihin tietoihin, joita olet antanut heille tai joita on ker\u00e4tty, kun olet k\u00e4ytt\u00e4nyt heid\u00e4n palvelujaan. Ev\u00e4steet ovat pieni\u00e4 [&hellip;]<\/p>\n","protected":false},"author":1,"featured_media":1225,"parent":0,"menu_order":0,"comment_status":"closed","ping_status":"open","template":"","meta":{"_acf_changed":false,"footnotes":""},"class_list":["post-1747","page","type-page","status-publish","has-post-thumbnail","hentry"],"blocksy_meta":[],"acf":[],"featured_image_src":"https:\/\/www.oykatiab.com\/wp-content\/uploads\/2025\/06\/timanttikairauksen-alykas-edellakavija-2.jpg","yoast_head":"<!-- This site is optimized with the Yoast SEO plugin v27.6 - https:\/\/yoast.com\/product\/yoast-seo-wordpress\/ -->\n<title>Ev\u00e4steseloste \u2013 Tietoa ev\u00e4steiden k\u00e4yt\u00f6st\u00e4 KATIn sivuilla<\/title>\n<meta name=\"description\" content=\"Lue, miten k\u00e4yt\u00e4mme ev\u00e4steit\u00e4 sis\u00e4ll\u00f6n r\u00e4\u00e4t\u00e4l\u00f6imiseen, analysointiin ja sosiaalisen median ominaisuuksien tukemiseen.\" \/>\n<meta name=\"robots\" content=\"index, follow, max-snippet:-1, max-image-preview:large, max-video-preview:-1\" \/>\n<link rel=\"canonical\" href=\"https:\/\/www.oykatiab.com\/en\/cookies\/\" \/>\n<meta property=\"og:locale\" content=\"en_GB\" \/>\n<meta property=\"og:type\" content=\"article\" \/>\n<meta property=\"og:title\" content=\"Ev\u00e4steseloste \u2013 Tietoa ev\u00e4steiden k\u00e4yt\u00f6st\u00e4 KATIn sivuilla\" \/>\n<meta property=\"og:description\" content=\"Lue, miten k\u00e4yt\u00e4mme ev\u00e4steit\u00e4 sis\u00e4ll\u00f6n r\u00e4\u00e4t\u00e4l\u00f6imiseen, analysointiin ja sosiaalisen median ominaisuuksien tukemiseen.\" \/>\n<meta property=\"og:url\" content=\"https:\/\/www.oykatiab.com\/en\/cookies\/\" \/>\n<meta property=\"og:site_name\" content=\"Oy Kati Ab\" \/>\n<meta property=\"article:modified_time\" content=\"2025-06-18T07:19:45+00:00\" \/>\n<meta property=\"og:image\" content=\"https:\/\/www.oykatiab.com\/wp-content\/uploads\/2025\/06\/timanttikairauksen-alykas-edellakavija-2-1024x504.jpg\" \/>\n\t<meta property=\"og:image:width\" content=\"1024\" \/>\n\t<meta property=\"og:image:height\" content=\"504\" \/>\n\t<meta property=\"og:image:type\" content=\"image\/jpeg\" \/>\n<meta name=\"twitter:card\" content=\"summary_large_image\" \/>\n<meta name=\"twitter:label1\" content=\"Estimated reading time\" \/>\n\t<meta name=\"twitter:data1\" content=\"2 minutes\" \/>\n<script type=\"application\/ld+json\" class=\"yoast-schema-graph\">{\"@context\":\"https:\\\/\\\/schema.org\",\"@graph\":[{\"@type\":\"WebPage\",\"@id\":\"https:\\\/\\\/www.oykatiab.com\\\/evasteseloste\\\/\",\"url\":\"https:\\\/\\\/www.oykatiab.com\\\/evasteseloste\\\/\",\"name\":\"Ev\u00e4steseloste \u2013 Tietoa ev\u00e4steiden k\u00e4yt\u00f6st\u00e4 KATIn sivuilla\",\"isPartOf\":{\"@id\":\"https:\\\/\\\/www.oykatiab.com\\\/#website\"},\"primaryImageOfPage\":{\"@id\":\"https:\\\/\\\/www.oykatiab.com\\\/evasteseloste\\\/#primaryimage\"},\"image\":{\"@id\":\"https:\\\/\\\/www.oykatiab.com\\\/evasteseloste\\\/#primaryimage\"},\"thumbnailUrl\":\"https:\\\/\\\/www.oykatiab.com\\\/wp-content\\\/uploads\\\/2025\\\/06\\\/timanttikairauksen-alykas-edellakavija-2.jpg\",\"datePublished\":\"2025-06-16T09:49:07+00:00\",\"dateModified\":\"2025-06-18T07:19:45+00:00\",\"description\":\"Lue, miten k\u00e4yt\u00e4mme ev\u00e4steit\u00e4 sis\u00e4ll\u00f6n r\u00e4\u00e4t\u00e4l\u00f6imiseen, analysointiin ja sosiaalisen median ominaisuuksien tukemiseen.\",\"breadcrumb\":{\"@id\":\"https:\\\/\\\/www.oykatiab.com\\\/evasteseloste\\\/#breadcrumb\"},\"inLanguage\":\"en-GB\",\"potentialAction\":[{\"@type\":\"ReadAction\",\"target\":[\"https:\\\/\\\/www.oykatiab.com\\\/evasteseloste\\\/\"]}]},{\"@type\":\"ImageObject\",\"inLanguage\":\"en-GB\",\"@id\":\"https:\\\/\\\/www.oykatiab.com\\\/evasteseloste\\\/#primaryimage\",\"url\":\"https:\\\/\\\/www.oykatiab.com\\\/wp-content\\\/uploads\\\/2025\\\/06\\\/timanttikairauksen-alykas-edellakavija-2.jpg\",\"contentUrl\":\"https:\\\/\\\/www.oykatiab.com\\\/wp-content\\\/uploads\\\/2025\\\/06\\\/timanttikairauksen-alykas-edellakavija-2.jpg\",\"width\":2142,\"height\":1055,\"caption\":\"ilmakuva KATIn timanttikairauksesta\"},{\"@type\":\"BreadcrumbList\",\"@id\":\"https:\\\/\\\/www.oykatiab.com\\\/evasteseloste\\\/#breadcrumb\",\"itemListElement\":[{\"@type\":\"ListItem\",\"position\":1,\"name\":\"Etusivu\",\"item\":\"https:\\\/\\\/www.oykatiab.com\\\/\"},{\"@type\":\"ListItem\",\"position\":2,\"name\":\"Ev\u00e4steseloste\"}]},{\"@type\":\"WebSite\",\"@id\":\"https:\\\/\\\/www.oykatiab.com\\\/#website\",\"url\":\"https:\\\/\\\/www.oykatiab.com\\\/\",\"name\":\"Oy Kati Ab\",\"description\":\"Malminetsinn\u00e4n &amp; timanttikairauksen palkittu edell\u00e4k\u00e4vij\u00e4\",\"publisher\":{\"@id\":\"https:\\\/\\\/www.oykatiab.com\\\/#organization\"},\"potentialAction\":[{\"@type\":\"SearchAction\",\"target\":{\"@type\":\"EntryPoint\",\"urlTemplate\":\"https:\\\/\\\/www.oykatiab.com\\\/?s={search_term_string}\"},\"query-input\":{\"@type\":\"PropertyValueSpecification\",\"valueRequired\":true,\"valueName\":\"search_term_string\"}}],\"inLanguage\":\"en-GB\"},{\"@type\":\"Organization\",\"@id\":\"https:\\\/\\\/www.oykatiab.com\\\/#organization\",\"name\":\"Oy Kati Ab\",\"url\":\"https:\\\/\\\/www.oykatiab.com\\\/\",\"logo\":{\"@type\":\"ImageObject\",\"inLanguage\":\"en-GB\",\"@id\":\"https:\\\/\\\/www.oykatiab.com\\\/#\\\/schema\\\/logo\\\/image\\\/\",\"url\":\"https:\\\/\\\/www.oykatiab.com\\\/wp-content\\\/uploads\\\/2025\\\/06\\\/KATI-logo-vaaka-nega.svg\",\"contentUrl\":\"https:\\\/\\\/www.oykatiab.com\\\/wp-content\\\/uploads\\\/2025\\\/06\\\/KATI-logo-vaaka-nega.svg\",\"width\":336,\"height\":45,\"caption\":\"Oy Kati Ab\"},\"image\":{\"@id\":\"https:\\\/\\\/www.oykatiab.com\\\/#\\\/schema\\\/logo\\\/image\\\/\"}}]}<\/script>\n<!-- \/ Yoast SEO plugin. -->","yoast_head_json":{"title":"Cookie Policy \u2013 Information About the Use of Cookies on KATI\u2019s Website","description":"Read how we use cookies to personalize content, analyze traffic, and support social media features on KATI\u2019s website.","robots":{"index":"index","follow":"follow","max-snippet":"max-snippet:-1","max-image-preview":"max-image-preview:large","max-video-preview":"max-video-preview:-1"},"canonical":"https:\/\/www.oykatiab.com\/en\/cookies\/","og_locale":"en_GB","og_type":"article","og_title":"Ev\u00e4steseloste \u2013 Tietoa ev\u00e4steiden k\u00e4yt\u00f6st\u00e4 KATIn sivuilla","og_description":"Lue, miten k\u00e4yt\u00e4mme ev\u00e4steit\u00e4 sis\u00e4ll\u00f6n r\u00e4\u00e4t\u00e4l\u00f6imiseen, analysointiin ja sosiaalisen median ominaisuuksien tukemiseen.","og_url":"https:\/\/www.oykatiab.com\/en\/cookies\/","og_site_name":"Oy Kati Ab","article_modified_time":"2025-06-18T07:19:45+00:00","og_image":[{"width":1024,"height":504,"url":"https:\/\/www.oykatiab.com\/wp-content\/uploads\/2025\/06\/timanttikairauksen-alykas-edellakavija-2-1024x504.jpg","type":"image\/jpeg"}],"twitter_card":"summary_large_image","twitter_misc":{"Estimated reading time":"2 minutes"},"schema":{"@context":"https:\/\/schema.org","@graph":[{"@type":"WebPage","@id":"https:\/\/www.oykatiab.com\/evasteseloste\/","url":"https:\/\/www.oykatiab.com\/evasteseloste\/","name":"Cookie Policy \u2013 Information About the Use of Cookies on KATI\u2019s Website","isPartOf":{"@id":"https:\/\/www.oykatiab.com\/#website"},"primaryImageOfPage":{"@id":"https:\/\/www.oykatiab.com\/evasteseloste\/#primaryimage"},"image":{"@id":"https:\/\/www.oykatiab.com\/evasteseloste\/#primaryimage"},"thumbnailUrl":"https:\/\/www.oykatiab.com\/wp-content\/uploads\/2025\/06\/timanttikairauksen-alykas-edellakavija-2.jpg","datePublished":"2025-06-16T09:49:07+00:00","dateModified":"2025-06-18T07:19:45+00:00","description":"Read how we use cookies to personalize content, analyze traffic, and support social media features on KATI\u2019s website.","breadcrumb":{"@id":"https:\/\/www.oykatiab.com\/evasteseloste\/#breadcrumb"},"inLanguage":"en-GB","potentialAction":[{"@type":"ReadAction","target":["https:\/\/www.oykatiab.com\/evasteseloste\/"]}]},{"@type":"ImageObject","inLanguage":"en-GB","@id":"https:\/\/www.oykatiab.com\/evasteseloste\/#primaryimage","url":"https:\/\/www.oykatiab.com\/wp-content\/uploads\/2025\/06\/timanttikairauksen-alykas-edellakavija-2.jpg","contentUrl":"https:\/\/www.oykatiab.com\/wp-content\/uploads\/2025\/06\/timanttikairauksen-alykas-edellakavija-2.jpg","width":2142,"height":1055,"caption":"ilmakuva KATIn timanttikairauksesta"},{"@type":"BreadcrumbList","@id":"https:\/\/www.oykatiab.com\/evasteseloste\/#breadcrumb","itemListElement":[{"@type":"ListItem","position":1,"name":"Etusivu","item":"https:\/\/www.oykatiab.com\/"},{"@type":"ListItem","position":2,"name":"Ev\u00e4steseloste"}]},{"@type":"WebSite","@id":"https:\/\/www.oykatiab.com\/#website","url":"https:\/\/www.oykatiab.com\/","name":"Oy Kati Ab","description":"Malminetsinn\u00e4n &amp; timanttikairauksen palkittu edell\u00e4k\u00e4vij\u00e4","publisher":{"@id":"https:\/\/www.oykatiab.com\/#organization"},"potentialAction":[{"@type":"SearchAction","target":{"@type":"EntryPoint","urlTemplate":"https:\/\/www.oykatiab.com\/?s={search_term_string}"},"query-input":{"@type":"PropertyValueSpecification","valueRequired":true,"valueName":"search_term_string"}}],"inLanguage":"en-GB"},{"@type":"Organization","@id":"https:\/\/www.oykatiab.com\/#organization","name":"Oy Kati Ab","url":"https:\/\/www.oykatiab.com\/","logo":{"@type":"ImageObject","inLanguage":"en-GB","@id":"https:\/\/www.oykatiab.com\/#\/schema\/logo\/image\/","url":"https:\/\/www.oykatiab.com\/wp-content\/uploads\/2025\/06\/KATI-logo-vaaka-nega.svg","contentUrl":"https:\/\/www.oykatiab.com\/wp-content\/uploads\/2025\/06\/KATI-logo-vaaka-nega.svg","width":336,"height":45,"caption":"Oy Kati Ab"},"image":{"@id":"https:\/\/www.oykatiab.com\/#\/schema\/logo\/image\/"}}]}},"_links":{"self":[{"href":"https:\/\/www.oykatiab.com\/en\/wp-json\/wp\/v2\/pages\/1747","targetHints":{"allow":["GET"]}}],"collection":[{"href":"https:\/\/www.oykatiab.com\/en\/wp-json\/wp\/v2\/pages"}],"about":[{"href":"https:\/\/www.oykatiab.com\/en\/wp-json\/wp\/v2\/types\/page"}],"author":[{"embeddable":true,"href":"https:\/\/www.oykatiab.com\/en\/wp-json\/wp\/v2\/users\/1"}],"replies":[{"embeddable":true,"href":"https:\/\/www.oykatiab.com\/en\/wp-json\/wp\/v2\/comments?post=1747"}],"version-history":[{"count":2,"href":"https:\/\/www.oykatiab.com\/en\/wp-json\/wp\/v2\/pages\/1747\/revisions"}],"predecessor-version":[{"id":1751,"href":"https:\/\/www.oykatiab.com\/en\/wp-json\/wp\/v2\/pages\/1747\/revisions\/1751"}],"wp:featuredmedia":[{"embeddable":true,"href":"https:\/\/www.oykatiab.com\/en\/wp-json\/wp\/v2\/media\/1225"}],"wp:attachment":[{"href":"https:\/\/www.oykatiab.com\/en\/wp-json\/wp\/v2\/media?parent=1747"}],"curies":[{"name":"wp","href":"https:\/\/api.w.org\/{rel}","templated":true}]}}